{"id":3434,"date":"2023-03-20T02:13:57","date_gmt":"2023-03-19T23:13:57","guid":{"rendered":"https:\/\/bursamikro.com.tr\/index\/?page_id=3434"},"modified":"2023-09-13T11:14:03","modified_gmt":"2023-09-13T08:14:03","slug":"fatura-bilgileri","status":"publish","type":"page","link":"https:\/\/bursamikro.com.tr\/index\/fatura-bilgileri\/","title":{"rendered":"Fatura Bilgileri"},"content":{"rendered":"\t\t<div data-elementor-type=\"wp-page\" data-elementor-id=\"3434\" class=\"elementor elementor-3434\">\n\t\t\t\t\t\t\t\t\t<section class=\"elementor-section elementor-top-section elementor-element elementor-element-2d7b1a8 elementor-section-boxed elementor-section-height-default elementor-section-height-default\" data-id=\"2d7b1a8\" data-element_type=\"section\" data-settings=\"{&quot;background_background&quot;:&quot;classic&quot;}\">\n\t\t\t\t\t\t<div class=\"elementor-container elementor-column-gap-default\">\n\t\t\t\t\t<div class=\"elementor-column elementor-col-100 elementor-top-column elementor-element elementor-element-56f2d8e\" data-id=\"56f2d8e\" data-element_type=\"column\">\n\t\t\t<div class=\"elementor-widget-wrap elementor-element-populated\">\n\t\t\t\t\t\t\t\t<section class=\"elementor-section elementor-inner-section elementor-element elementor-element-167f70d elementor-section-boxed elementor-section-height-default elementor-section-height-default\" data-id=\"167f70d\" data-element_type=\"section\">\n\t\t\t\t\t\t<div class=\"elementor-container elementor-column-gap-default\">\n\t\t\t\t\t<div class=\"elementor-column elementor-col-50 elementor-inner-column elementor-element elementor-element-b8b3e7f\" data-id=\"b8b3e7f\" data-element_type=\"column\">\n\t\t\t<div class=\"elementor-widget-wrap elementor-element-populated\">\n\t\t\t\t\t\t\t\t<div class=\"elementor-element elementor-element-e85cc48 elementor-widget elementor-widget-hub_fancy_heading\" data-id=\"e85cc48\" data-element_type=\"widget\" data-widget_type=\"hub_fancy_heading.default\">\n\t\t\t\t<div class=\"elementor-widget-container\">\n\t\t\t\n\t\t<div id=\"ld-fancy-heading-69fb288e2a65a\" class=\"ld-fancy-heading pos-rel\">\n\t\t\t<h1 class=\"ld-fh-element d-inline-block pos-rel elementor-heading-title lqd-highlight-classic lqd-highlight-grow-left h1\"  > Fatura Bilgileri<\/h1>\t\t<\/div>\n\n\t\t\t\t<\/div>\n\t\t\t\t<\/div>\n\t\t\t\t\t<\/div>\n\t\t<\/div>\n\t\t\t\t<div class=\"elementor-column elementor-col-50 elementor-inner-column elementor-element elementor-element-2c9b34f\" data-id=\"2c9b34f\" data-element_type=\"column\">\n\t\t\t<div class=\"elementor-widget-wrap\">\n\t\t\t\t\t\t\t\t\t<\/div>\n\t\t<\/div>\n\t\t\t\t\t\t\t<\/div>\n\t\t<\/section>\n\t\t\t\t\t<\/div>\n\t\t<\/div>\n\t\t\t\t\t\t\t<\/div>\n\t\t<\/section>\n\t\t\t\t<section class=\"elementor-section elementor-top-section elementor-element elementor-element-1c35077 elementor-section-boxed elementor-section-height-default elementor-section-height-default\" data-id=\"1c35077\" data-element_type=\"section\">\n\t\t\t\t\t\t<div class=\"elementor-container elementor-column-gap-default\">\n\t\t\t\t\t<div class=\"lqd-css-sticky-column elementor-column elementor-col-50 elementor-top-column elementor-element elementor-element-8b0fbe8 elementor-hidden-mobile\" style=\"--lqd-sticky-offset:30px\" data-id=\"8b0fbe8\" data-element_type=\"column\">\n\t\t\t<div class=\"elementor-widget-wrap elementor-element-populated\">\n\t\t\t\t\t\t\t\t<div class=\"elementor-element elementor-element-2d1a291 elementor-widget elementor-widget-hub_fancy_heading\" data-id=\"2d1a291\" data-element_type=\"widget\" data-widget_type=\"hub_fancy_heading.default\">\n\t\t\t\t<div class=\"elementor-widget-container\">\n\t\t\t\n\t\t<div id=\"ld-fancy-heading-69fb288e2cdd5\" class=\"ld-fancy-heading pos-rel\">\n\t\t\t<h6 class=\"ld-fh-element d-inline-block pos-rel elementor-heading-title h6\"  > KURUMSAL<\/h6>\t\t<\/div>\n\n\t\t\t\t<\/div>\n\t\t\t\t<\/div>\n\t\t\t\t<div class=\"elementor-element elementor-element-956a486 elementor-widget elementor-widget-ld_custom_menu\" data-id=\"956a486\" data-element_type=\"widget\" data-widget_type=\"ld_custom_menu.default\">\n\t\t\t\t<div class=\"elementor-widget-container\">\n\t\t\t\n\t\t\t<div  \n\t\t\t\tclass=\"lqd-fancy-menu lqd-custom-menu pos-rel lqd-menu-td-none\"\n\t\t\t\t\t\t\t>\n\t\t\t\n\t\t\t\t\t\t\t<ul class=\"reset-ul\" id=\"956a486\"  data-localscroll=\"true\" data-localscroll-options=\"{&quot;itemsSelector&quot;:&quot;&gt; li &gt; a&quot;,&quot;trackWindowScroll&quot;:true,&quot;includeParentAsOffset&quot;:false,&quot;offsetElements&quot;:&quot;[data-sticky-header] .lqd-head-sec-wrap:not(.lqd-hide-onstuck), #wpadminbar, body.elementor-page .main-header[data-sticky-header] &gt; .elementor &gt; .elementor-section-wrap &gt; .elementor-section:not(.lqd-hide-onstuck):not(.lqd-stickybar-wrap), body.elementor-page .main-header[data-sticky-header] &gt; .elementor &gt; .elementor-section:not(.lqd-hide-onstuck):not(.lqd-stickybar-wrap)&quot;}\">\n\t\t\t\t\n\t\t\t\t\t\t<li>\n\t\t\t\t\t\t\t<a  href=\"\/index\/mba-bilisim-bursa-mikro-cozumleri\" target=\"_self\" > \n\n\t\t\t\t\t\t\t\t\t\t\t\t\t\t\t\t\t<span class=\"link-icon d-inline-flex hide-if-empty left-icon icon-next-to-label\"><i aria-hidden=\"true\" class=\"lqd-icn-ess icon-lqd-circle\"><\/i><\/span>\t\n\t\t\t\t\t\t\t\t\n\t\t\t\t\t\t\t\tHakk\u0131m\u0131zda  \n\t\t\t\t\t\t\t\t\t\t\t\t\t\t\t<\/a>\n\t\t\t\t\t\t\t\t\t\t\t\t\t<\/li>\n\n\t\t\t\t\t\t\n\t\t\t\t\t\t<li>\n\t\t\t\t\t\t\t<a  href=\"\/index\/kalite-belgelerimiz\" target=\"_self\" > \n\n\t\t\t\t\t\t\t\t\t\t\t\t\t\t\t\t\t<span class=\"link-icon d-inline-flex hide-if-empty left-icon icon-next-to-label\"><i aria-hidden=\"true\" class=\"lqd-icn-ess icon-lqd-circle\"><\/i><\/span>\t\n\t\t\t\t\t\t\t\t\n\t\t\t\t\t\t\t\tKalite Belgelerimiz  \n\t\t\t\t\t\t\t\t\t\t\t\t\t\t\t<\/a>\n\t\t\t\t\t\t\t\t\t\t\t\t\t<\/li>\n\n\t\t\t\t\t\t\n\t\t\t\t\t\t<li>\n\t\t\t\t\t\t\t<a  href=\"\/index\/banka-bilgileri\" target=\"_self\" > \n\n\t\t\t\t\t\t\t\t\t\t\t\t\t\t\t\t\t<span class=\"link-icon d-inline-flex hide-if-empty left-icon icon-next-to-label\"><i aria-hidden=\"true\" class=\"lqd-icn-ess icon-lqd-circle\"><\/i><\/span>\t\n\t\t\t\t\t\t\t\t\n\t\t\t\t\t\t\t\tBanka Bilgileri  \n\t\t\t\t\t\t\t\t\t\t\t\t\t\t\t<\/a>\n\t\t\t\t\t\t\t\t\t\t\t\t\t<\/li>\n\n\t\t\t\t\t\t\n\t\t\t\t\t\t<li>\n\t\t\t\t\t\t\t<a  href=\"\/index\/fatura-bilgileri\" target=\"_self\" > \n\n\t\t\t\t\t\t\t\t\t\t\t\t\t\t\t\t\t<span class=\"link-icon d-inline-flex hide-if-empty left-icon icon-next-to-label\"><i aria-hidden=\"true\" class=\"lqd-icn-ess icon-lqd-circle\"><\/i><\/span>\t\n\t\t\t\t\t\t\t\t\n\t\t\t\t\t\t\t\tFatura Bilgileri  \n\t\t\t\t\t\t\t\t\t\t\t\t\t\t\t<\/a>\n\t\t\t\t\t\t\t\t\t\t\t\t\t<\/li>\n\n\t\t\t\t\t\t\n\t\t\t\t\t\t<li>\n\t\t\t\t\t\t\t<a  href=\"\/index\/kvkk-aydinlatma-metni\" target=\"_self\" > \n\n\t\t\t\t\t\t\t\t\t\t\t\t\t\t\t\t\t<span class=\"link-icon d-inline-flex hide-if-empty left-icon icon-next-to-label\"><i aria-hidden=\"true\" class=\"lqd-icn-ess icon-lqd-circle\"><\/i><\/span>\t\n\t\t\t\t\t\t\t\t\n\t\t\t\t\t\t\t\tKVKK Ayd\u0131nlatma Metni  \n\t\t\t\t\t\t\t\t\t\t\t\t\t\t\t<\/a>\n\t\t\t\t\t\t\t\t\t\t\t\t\t<\/li>\n\n\t\t\t\t\t\t\t\t\t\t<\/ul>\n\t\t\t\t\t\t\t\t\t<\/div>\n\t\t\t\t<\/div>\n\t\t\t\t<\/div>\n\t\t\t\t<div class=\"elementor-element elementor-element-37b26c0 elementor-align-center elementor-widget elementor-widget-ld_icon_box\" data-id=\"37b26c0\" data-element_type=\"widget\" data-widget_type=\"ld_icon_box.default\">\n\t\t\t\t<div class=\"elementor-widget-container\">\n\t\t\t\n\t\t\t<div id=\"ld_icon_box_37b26c0\" class=\"iconbox d-flex flex-grow-1 pos-rel flex-column iconbox-default\"   >\n\t\t\t\t\n\t\t\t\t\t\n\t\t\t\t\n\t\t\t\t<div class=\"iconbox-icon-wrap  \"><div class=\"iconbox-icon-container d-inline-flex   \"><\/div><\/div>\t\t\t\t\n\t\t\t\t\t\t\t\t\n\t\t\t\t<div class=\"contents \">\t\t\t\t\n\t\t\t\t\t\t\t\t\n\t\t\t\t\t\t\t\t<p>Size en uygun Mikro Yaz\u0131l\u0131m \u00fcr\u00fcnlerini kolayca bulmak ister misiniz?<\/p>\n\t\t\t\t\t\t\t\t\n\t\t\t\t<\/div>\t\t\t\t\n\t\t\t\t<a href=\"https:\/\/wa.me\/905449107535\" class=\"lqd-overlay z-index-2\" target=\"_blank&quot;\" rel=\"nofollow\"><\/a>\n\t\t\t<\/div>\n\n\t\t\t\t<\/div>\n\t\t\t\t<\/div>\n\t\t\t\t<div class=\"elementor-element elementor-element-8ea0579 elementor-align-center elementor-widget elementor-widget-ld_icon_box\" data-id=\"8ea0579\" data-element_type=\"widget\" data-widget_type=\"ld_icon_box.default\">\n\t\t\t\t<div class=\"elementor-widget-container\">\n\t\t\t\n\t\t\t<div id=\"ld_icon_box_8ea0579\" class=\"iconbox d-flex flex-grow-1 pos-rel flex-column iconbox-default\"   >\n\t\t\t\t\n\t\t\t\t\t\n\t\t\t\t\n\t\t\t\t<div class=\"iconbox-icon-wrap  \"><div class=\"iconbox-icon-container d-inline-flex   \"><\/div><\/div>\t\t\t\t\n\t\t\t\t\t\t\t\t\n\t\t\t\t<div class=\"contents \">\t\t\t\t\n\t\t\t\t\t\t\t\t\n\t\t\t\t\t\t\t\t<p>\u0130\u015fletmenize \u00f6zel olu\u015fturaca\u011f\u0131m\u0131z \u00fcr\u00fcnleri \u015fimdi \u00f6\u011frenin.<\/p>\n\t\t\t\t\t\t\t\t\n\t\t\t\t<\/div>\t\t\t\t\n\t\t\t\t<a href=\"https:\/\/wa.me\/905449107535\" class=\"lqd-overlay z-index-2\" target=\"_blank&quot;\" rel=\"nofollow\"><\/a>\n\t\t\t<\/div>\n\n\t\t\t\t<\/div>\n\t\t\t\t<\/div>\n\t\t\t\t<div class=\"elementor-element elementor-element-7c8ccd7 elementor-align-center elementor-widget elementor-widget-ld_icon_box\" data-id=\"7c8ccd7\" data-element_type=\"widget\" data-widget_type=\"ld_icon_box.default\">\n\t\t\t\t<div class=\"elementor-widget-container\">\n\t\t\t\n\t\t\t<div id=\"ld_icon_box_7c8ccd7\" class=\"iconbox d-flex flex-grow-1 pos-rel flex-column iconbox-default\"   >\n\t\t\t\t\n\t\t\t\t\t\n\t\t\t\t\n\t\t\t\t<div class=\"iconbox-icon-wrap  \"><div class=\"iconbox-icon-container d-inline-flex   \"><\/div><\/div>\t\t\t\t\n\t\t\t\t\t\t\t\t\n\t\t\t\t<div class=\"contents \">\t\t\t\t\n\t\t\t\t\t\t\t\t\n\t\t\t\t\t\t\t\t<p>Mikro G\u00fcncel Kont\u00f6r Paket Fiyatlar\u0131 i\u00e7in t\u0131klay\u0131n\u0131z.<\/p>\n\t\t\t\t\t\t\t\t\n\t\t\t\t<\/div>\t\t\t\t\n\t\t\t\t<a href=\"\/index\/mikro-guncel-kontor-paketleri\" class=\"lqd-overlay z-index-2\" target=\"_self\"><\/a>\n\t\t\t<\/div>\n\n\t\t\t\t<\/div>\n\t\t\t\t<\/div>\n\t\t\t\t\t<\/div>\n\t\t<\/div>\n\t\t\t\t<div class=\"elementor-column elementor-col-50 elementor-top-column elementor-element elementor-element-5939ee9\" data-id=\"5939ee9\" data-element_type=\"column\">\n\t\t\t<div class=\"elementor-widget-wrap elementor-element-populated\">\n\t\t\t\t\t\t\t\t<div class=\"elementor-element elementor-element-1d08784 elementor-widget elementor-widget-ld_fancy_image\" data-id=\"1d08784\" data-element_type=\"widget\" data-widget_type=\"ld_fancy_image.default\">\n\t\t\t\t<div class=\"elementor-widget-container\">\n\t\t\t\n\t\t\t<div class=\"lqd-imggrp-single d-block pos-rel\"   >\n\t\t\t\t\n\t\t\t<div class=\"lqd-imggrp-img-container d-inline-flex pos-rel align-items-center justify-content-center\">\n\t\t\t\t\t\t\t\t<figure class=\"w-100 pos-rel\"   >\n\t\t\t\t\t<img decoding=\"async\" width=\"1200\" height=\"569\" src=\"https:\/\/bursamikro.com.tr\/index\/wp-content\/uploads\/2023\/03\/mba-bilisim-bursa.jpg\" class=\"attachment-full size-full\" alt=\"\" srcset=\"https:\/\/bursamikro.com.tr\/index\/wp-content\/uploads\/2023\/03\/mba-bilisim-bursa.jpg 1200w, https:\/\/bursamikro.com.tr\/index\/wp-content\/uploads\/2023\/03\/mba-bilisim-bursa-300x142.jpg 300w, https:\/\/bursamikro.com.tr\/index\/wp-content\/uploads\/2023\/03\/mba-bilisim-bursa-1024x486.jpg 1024w\" sizes=\"(max-width: 1200px) 100vw, 1200px\" itemprop=\"image\" \/>\t\t\t\t\t\t\t\t\t\t\t\t\t\t\t\t\t\t\t\t\t\t\t\t\t\t\t\t\t<\/figure>\n\t\t\t\t\t\n\t\t\t<\/div>\n\t\t<\/div>\n\n\t\t\t<\/div>\n\t\t\t\t<\/div>\n\t\t\t\t<div class=\"elementor-element elementor-element-ea8852f elementor-widget elementor-widget-text-editor\" data-id=\"ea8852f\" data-element_type=\"widget\" data-widget_type=\"text-editor.default\">\n\t\t\t\t<div class=\"elementor-widget-container\">\n\t\t\t<style>\/*! elementor - v3.7.0 - 08-08-2022 *\/\n.elementor-widget-text-editor.elementor-drop-cap-view-stacked .elementor-drop-cap{background-color:#818a91;color:#fff}.elementor-widget-text-editor.elementor-drop-cap-view-framed .elementor-drop-cap{color:#818a91;border:3px solid;background-color:transparent}.elementor-widget-text-editor:not(.elementor-drop-cap-view-default) .elementor-drop-cap{margin-top:8px}.elementor-widget-text-editor:not(.elementor-drop-cap-view-default) .elementor-drop-cap-letter{width:1em;height:1em}.elementor-widget-text-editor .elementor-drop-cap{float:left;text-align:center;line-height:1;font-size:50px}.elementor-widget-text-editor .elementor-drop-cap-letter{display:inline-block}<\/style>\t\t\t\t<p><strong>MBA B\u0130L\u0130\u015e\u0130M DANI\u015eMANLIK H\u0130ZMETLER\u0130 &#8211; BAHAR ALTINTA\u015e<\/strong><br \/>Ahmetpa\u015fa Mah.Fevzi \u00c7akmak Cad.Beyhan \u0130\u015fhan\u0131 No:69 K:5 No:506 Osmangazi\/ Bursa<\/p><p><strong>Vergi Dairesi :<\/strong> OSMANGAZ\u0130<br \/><strong>Vergi No :<\/strong> 24205470734<\/p><p>Telefon : 0544 910 75 35<\/p><p><span style=\"letter-spacing: 0px;\">Destek : 0552 177 75 35<\/span><\/p><p>Web : www.bursamikro.com.tr<br \/>E-posta : info@bursamikro.com.tr<\/p>\t\t\t\t\t\t<\/div>\n\t\t\t\t<\/div>\n\t\t\t\t\t<\/div>\n\t\t<\/div>\n\t\t\t\t\t\t\t<\/div>\n\t\t<\/section>\n\t\t\t\t\t\t\t<\/div>\n\t\t","protected":false},"excerpt":{"rendered":"<p>Fatura Bilgileri KURUMSAL Hakk\u0131m\u0131zda Kalite Belgelerimiz Banka Bilgileri Fatura Bilgileri KVKK Ayd\u0131nlatma Metni Size en uygun Mikro Yaz\u0131l\u0131m \u00fcr\u00fcnlerini kolayca bulmak ister misiniz? \u0130\u015fletmenize \u00f6zel olu\u015fturaca\u011f\u0131m\u0131z \u00fcr\u00fcnleri \u015fimdi \u00f6\u011frenin. Mikro G\u00fcncel Kont\u00f6r Paket Fiyatlar\u0131 i\u00e7in t\u0131klay\u0131n\u0131z. MBA B\u0130L\u0130\u015e\u0130M DANI\u015eMANLIK H\u0130ZMETLER\u0130 &#8211; BAHAR ALTINTA\u015eAhmetpa\u015fa Mah.Fevzi \u00c7akmak Cad.Beyhan \u0130\u015fhan\u0131 No:69 K:5 No:506 Osmangazi\/ Bursa Vergi Dairesi : [&hellip;]<\/p>\n","protected":false},"author":1,"featured_media":0,"parent":0,"menu_order":0,"comment_status":"closed","ping_status":"closed","template":"","meta":{"footnotes":""},"class_list":["post-3434","page","type-page","status-publish","hentry"],"_links":{"self":[{"href":"https:\/\/bursamikro.com.tr\/index\/wp-json\/wp\/v2\/pages\/3434","targetHints":{"allow":["GET"]}}],"collection":[{"href":"https:\/\/bursamikro.com.tr\/index\/wp-json\/wp\/v2\/pages"}],"about":[{"href":"https:\/\/bursamikro.com.tr\/index\/wp-json\/wp\/v2\/types\/page"}],"author":[{"embeddable":true,"href":"https:\/\/bursamikro.com.tr\/index\/wp-json\/wp\/v2\/users\/1"}],"replies":[{"embeddable":true,"href":"https:\/\/bursamikro.com.tr\/index\/wp-json\/wp\/v2\/comments?post=3434"}],"version-history":[{"count":10,"href":"https:\/\/bursamikro.com.tr\/index\/wp-json\/wp\/v2\/pages\/3434\/revisions"}],"predecessor-version":[{"id":4185,"href":"https:\/\/bursamikro.com.tr\/index\/wp-json\/wp\/v2\/pages\/3434\/revisions\/4185"}],"wp:attachment":[{"href":"https:\/\/bursamikro.com.tr\/index\/wp-json\/wp\/v2\/media?parent=3434"}],"curies":[{"name":"wp","href":"https:\/\/api.w.org\/{rel}","templated":true}]}}